{"id":2737,"date":"2025-10-11T18:51:10","date_gmt":"2025-10-11T18:51:10","guid":{"rendered":"https:\/\/basama.it\/?post_type=product&#038;p=2737"},"modified":"2025-11-18T10:05:57","modified_gmt":"2025-11-18T10:05:57","slug":"collana","status":"publish","type":"product","link":"https:\/\/basama.it\/en\/product\/collana\/","title":{"rendered":"Collana Aurora"},"content":{"rendered":"<p>Scopri la raffinatezza unica di questa collana statement con pietre multicolori. Realizzata artigianalmente, unisce vibranti perle di turchese, ambra e corallo a grandi maglie di resina, creando un accessorio audace ed elegante che attira l\u2019attenzione. La lunghezza della collana \u00e8 regolabile, adattandosi perfettamente a ogni d\u00e9collet\u00e9. Ideale per dare un tocco di colore e originalit\u00e0 ai tuoi look, ogni pezzo \u00e8 unico grazie alle diverse sfumature delle pietre naturali.<\/p>","protected":false},"excerpt":{"rendered":"<p>Scopri la raffinatezza unica di questa collana statement con pietre multicolori. Realizzata artigianalmente, unisce vibranti perle di turchese, ambra e corallo a grandi maglie di resina, creando un accessorio audace ed elegante che attira l\u2019attenzione. La lunghezza della collana \u00e8 regolabile, adattandosi perfettamente a ogni d\u00e9collet\u00e9. Ideale per dare un tocco di colore e originalit\u00e0 [&hellip;]<\/p>","protected":false},"featured_media":2738,"template":"","meta":{"_acf_changed":false,"site-sidebar-layout":"default","site-content-layout":"","ast-site-content-layout":"default","site-content-style":"default","site-sidebar-style":"default","ast-global-header-display":"","ast-banner-title-visibility":"","ast-main-header-display":"","ast-hfb-above-header-display":"","ast-hfb-below-header-display":"","ast-hfb-mobile-header-display":"","site-post-title":"","ast-breadcrumbs-content":"","ast-featured-img":"","footer-sml-layout":"","ast-disable-related-posts":"","theme-transparent-header-meta":"default","adv-header-id-meta":"","stick-header-meta":"","header-above-stick-meta":"","header-main-stick-meta":"","header-below-stick-meta":"","astra-migrate-meta-layouts":"set","ast-page-background-enabled":"default","ast-page-background-meta":{"desktop":{"background-color":"var(--ast-global-color-4)","background-image":"","background-repeat":"repeat","background-position":"center center","background-size":"auto","background-attachment":"scroll","background-type":"","background-media":"","overlay-type":"","overlay-color":"","overlay-opacity":"","overlay-gradient":""},"tablet":{"background-color":"","background-image":"","background-repeat":"repeat","background-position":"center center","background-size":"auto","background-attachment":"scroll","background-type":"","background-media":"","overlay-type":"","overlay-color":"","overlay-opacity":"","overlay-gradient":""},"mobile":{"background-color":"","background-image":"","background-repeat":"repeat","background-position":"center center","background-size":"auto","background-attachment":"scroll","background-type":"","background-media":"","overlay-type":"","overlay-color":"","overlay-opacity":"","overlay-gradient":""}},"ast-content-background-meta":{"desktop":{"background-color":"var(--ast-global-color-5)","background-image":"","background-repeat":"repeat","background-position":"center center","background-size":"auto","background-attachment":"scroll","background-type":"","background-media":"","overlay-type":"","overlay-color":"","overlay-opacity":"","overlay-gradient":""},"tablet":{"background-color":"var(--ast-global-color-5)","background-image":"","background-repeat":"repeat","background-position":"center center","background-size":"auto","background-attachment":"scroll","background-type":"","background-media":"","overlay-type":"","overlay-color":"","overlay-opacity":"","overlay-gradient":""},"mobile":{"background-color":"var(--ast-global-color-5)","background-image":"","background-repeat":"repeat","background-position":"center center","background-size":"auto","background-attachment":"scroll","background-type":"","background-media":"","overlay-type":"","overlay-color":"","overlay-opacity":"","overlay-gradient":""}}},"product_brand":[],"product_cat":[69],"product_tag":[],"class_list":{"0":"post-2737","1":"product","2":"type-product","3":"status-publish","4":"has-post-thumbnail","6":"product_cat-collane","7":"desktop-align-left","8":"tablet-align-left","9":"mobile-align-left","10":"ast-product-gallery-layout-vertical-slider","11":"ast-product-tabs-layout-distributed","13":"first","14":"instock","15":"shipping-taxable","16":"purchasable","17":"product-type-simple"},"acf":[],"_links":{"self":[{"href":"https:\/\/basama.it\/en\/wp-json\/wp\/v2\/product\/2737","targetHints":{"allow":["GET"]}}],"collection":[{"href":"https:\/\/basama.it\/en\/wp-json\/wp\/v2\/product"}],"about":[{"href":"https:\/\/basama.it\/en\/wp-json\/wp\/v2\/types\/product"}],"version-history":[{"count":3,"href":"https:\/\/basama.it\/en\/wp-json\/wp\/v2\/product\/2737\/revisions"}],"predecessor-version":[{"id":3326,"href":"https:\/\/basama.it\/en\/wp-json\/wp\/v2\/product\/2737\/revisions\/3326"}],"wp:featuredmedia":[{"embeddable":true,"href":"https:\/\/basama.it\/en\/wp-json\/wp\/v2\/media\/2738"}],"wp:attachment":[{"href":"https:\/\/basama.it\/en\/wp-json\/wp\/v2\/media?parent=2737"}],"wp:term":[{"taxonomy":"product_brand","embeddable":true,"href":"https:\/\/basama.it\/en\/wp-json\/wp\/v2\/product_brand?post=2737"},{"taxonomy":"product_cat","embeddable":true,"href":"https:\/\/basama.it\/en\/wp-json\/wp\/v2\/product_cat?post=2737"},{"taxonomy":"product_tag","embeddable":true,"href":"https:\/\/basama.it\/en\/wp-json\/wp\/v2\/product_tag?post=2737"}],"curies":[{"name":"wp","href":"https:\/\/api.w.org\/{rel}","templated":true}]}}