{"id":2523,"date":"2025-10-10T10:58:54","date_gmt":"2025-10-10T10:58:54","guid":{"rendered":"https:\/\/basama.it\/?page_id=2523"},"modified":"2025-10-14T15:11:05","modified_gmt":"2025-10-14T15:11:05","slug":"cura-dei-gioielli","status":"publish","type":"page","link":"https:\/\/basama.it\/en\/cura-dei-gioielli\/","title":{"rendered":"Cura dei Gioielli"},"content":{"rendered":"<div data-elementor-type=\"wp-page\" data-elementor-id=\"2523\" class=\"elementor elementor-2523\" data-elementor-post-type=\"page\">\n\t\t\t\t<div class=\"elementor-element elementor-element-a857b75 e-flex e-con-boxed e-con e-parent\" data-id=\"a857b75\" data-element_type=\"container\" data-e-type=\"container\">\n\t\t\t\t\t<div class=\"e-con-inner\">\n\t\t\t\t<div class=\"elementor-element elementor-element-c5710c3 elementor-widget elementor-widget-heading\" data-id=\"c5710c3\" data-element_type=\"widget\" data-e-type=\"widget\" data-widget_type=\"heading.default\">\n\t\t\t\t<div class=\"elementor-widget-container\">\n\t\t\t\t\t<h2 class=\"elementor-heading-title elementor-size-default\">Precauzioni d'uso<\/h2>\t\t\t\t<\/div>\n\t\t\t\t<\/div>\n\t\t\t\t\t<\/div>\n\t\t\t\t<\/div>\n\t\t<div class=\"elementor-element elementor-element-6bc0bb8 e-flex e-con-boxed e-con e-parent\" data-id=\"6bc0bb8\" data-element_type=\"container\" data-e-type=\"container\">\n\t\t\t\t\t<div class=\"e-con-inner\">\n\t\t\t\t<div class=\"elementor-element elementor-element-8a8dc00 elementor-widget elementor-widget-text-editor\" data-id=\"8a8dc00\" data-element_type=\"widget\" data-e-type=\"widget\" data-widget_type=\"text-editor.default\">\n\t\t\t\t<div class=\"elementor-widget-container\">\n\t\t\t\t\t\t\t\t\t<p class=\"p1\">Il corallo \u00e8 una materia naturale e delicata: non \u00e8 una pietra dura, ma uno scheletro calcareo organico, quindi pu\u00f2 graffiarsi, scolorire o addirittura sgretolarsi se trattato male.<\/p>\n<p>Per conservarlo al meglio, ecco le precauzioni principali:<\/p>\n<p><\/p>\n<p class=\"p1\"><b>Protezione da sostanze chimiche<\/b><\/p>\n<p class=\"p1\"><span class=\"s1\">&#8211;<\/span><b> <\/b>Pulire solo con un panno morbido e leggermente inumidito con acqua.<\/p>\n<p class=\"p1\"><span class=\"s1\">&#8211;<\/span> Non usare prodotti abrasivi o detergenti.<\/p>\n<p class=\"p1\"><span class=\"s1\">&#8211;<\/span> Se serve, si pu\u00f2 passare delicatamente un po\u2019 di olio di oliva o di&nbsp;<span style=\"font-style: inherit; font-weight: inherit; letter-spacing: -0.2px;\">mandorle dolci per mantenerlo lucido e idratato.<\/span><\/p>\n<p><\/p>\n<p class=\"p1\"><b>Corretta pulizia<\/b><\/p>\n<p class=\"p1\"><span class=\"s1\">&#8211; <\/span>Evitare il contatto con profumi, lacca, creme, detergenti, cloro della&nbsp;<span style=\"font-style: inherit; font-weight: inherit; letter-spacing: -0.2px;\">piscina e detersivi: possono opacizzare e scolorire il corallo.<\/span><\/p>\n<p class=\"p1\"><span class=\"s1\">&#8211; <\/span>Non indossare i gioielli in corallo mentre si fanno lavori domestici o in&nbsp;<span style=\"font-style: inherit; font-weight: inherit; letter-spacing: -0.2px;\">ambienti con sostanze aggressive.<\/span><\/p>\n<p><\/p>\n<p class=\"p1\"><b>Conservazione<\/b><\/p>\n<p class=\"p1\"><span class=\"s1\">&#8211; <\/span>Riporre il corallo in un astuccio morbido, meglio separato da altri gioielli&nbsp;<span style=\"font-style: inherit; font-weight: inherit; letter-spacing: -0.2px;\">per evitare graffi.<\/span><\/p>\n<p class=\"p1\"><span class=\"s1\">&#8211; <\/span>Tenerlo lontano da fonti di calore e luce solare diretta, che possono&nbsp;<span style=\"font-style: inherit; font-weight: inherit; letter-spacing: -0.2px;\">scolorirlo o renderlo pi\u00f9 fragile.<\/span><\/p>\n<p class=\"p1\"><span class=\"s1\">&#8211; <\/span>Evitare ambienti molto secchi: il corallo, essendo organico, pu\u00f2 seccarsi e&nbsp;<span style=\"font-style: inherit; font-weight: inherit; letter-spacing: -0.2px;\">diventare pi\u00f9 poroso.<\/span><\/p>\n<p><\/p>\n<p class=\"p1\"><b>Uso consapevole<\/b><\/p>\n<p class=\"p1\"><span class=\"s1\">&#8211;<\/span><b> <\/b>Togliere i gioielli di corallo prima di dormire, fare sport, andare al&nbsp;<span style=\"font-style: inherit; font-weight: inherit; letter-spacing: -0.2px;\">mare o in piscina.<\/span><\/p>\n<p class=\"p1\"><span class=\"s1\">&#8211;<\/span> Fare attenzione agli urti: il corallo si scheggia facilmente.<\/p>\t\t\t\t\t\t\t\t<\/div>\n\t\t\t\t<\/div>\n\t\t\t\t\t<\/div>\n\t\t\t\t<\/div>\n\t\t<div class=\"elementor-element elementor-element-42b65d7 e-flex e-con-boxed e-con e-parent\" data-id=\"42b65d7\" data-element_type=\"container\" data-e-type=\"container\">\n\t\t\t\t\t<div class=\"e-con-inner\">\n\t\t\t\t<div class=\"elementor-element elementor-element-7f8d920 elementor-widget elementor-widget-heading\" data-id=\"7f8d920\" data-element_type=\"widget\" data-e-type=\"widget\" data-widget_type=\"heading.default\">\n\t\t\t\t<div class=\"elementor-widget-container\">\n\t\t\t\t\t<h2 class=\"elementor-heading-title elementor-size-default\">Precautions for Use<\/h2>\t\t\t\t<\/div>\n\t\t\t\t<\/div>\n\t\t\t\t\t<\/div>\n\t\t\t\t<\/div>\n\t\t<div class=\"elementor-element elementor-element-5ff927e e-flex e-con-boxed e-con e-parent\" data-id=\"5ff927e\" data-element_type=\"container\" data-e-type=\"container\">\n\t\t\t\t\t<div class=\"e-con-inner\">\n\t\t\t\t<div class=\"elementor-element elementor-element-21d150c elementor-widget elementor-widget-text-editor\" data-id=\"21d150c\" data-element_type=\"widget\" data-e-type=\"widget\" data-widget_type=\"text-editor.default\">\n\t\t\t\t<div class=\"elementor-widget-container\">\n\t\t\t\t\t\t\t\t\t<p class=\"p1\">Coral is a natural and delicate material: it is not a hard stone but an organic calcareous skeleton, and&nbsp;<span style=\"font-style: inherit; font-weight: inherit; letter-spacing: -0.2px;\">therefore it can scratch, fade, or even crumble if mistreated. To preserve it at its best, here are the&nbsp;<\/span><span style=\"font-style: inherit; font-weight: inherit; letter-spacing: -0.2px;\">main precautions:<\/span><\/p>\n<p><\/p>\n<p class=\"p1\">1. <b>Protection from Chemicals<\/b><\/p>\n<p class=\"p1\"><span class=\"s1\">&#8211; <\/span>Avoid contact with perfumes, hairspray, creams, detergents, swimming&nbsp;<span style=\"font-style: inherit; font-weight: inherit; letter-spacing: -0.2px;\">pool chlorine, and soaps, as they can dull and discolor coral.<\/span><\/p>\n<p class=\"p1\"><span class=\"s1\">&#8211; <\/span>Do not wear coral jewelry while doing household chores or in<\/p>\n<p class=\"p1\">environments with harsh substances.<\/p>\n<p><\/p>\n<p class=\"p1\">2. <b>Proper Cleaning<\/b><\/p>\n<p class=\"p1\"><span class=\"s1\">&#8211;<\/span> Clean only with a soft cloth slightly dampened with water.<\/p>\n<p class=\"p1\"><span class=\"s1\">&#8211;<\/span> Do not use abrasive products or detergents.<\/p>\n<p class=\"p1\"><span class=\"s1\">&#8211;<\/span> If needed, you may gently rub a little olive oil or sweet almond oil to&nbsp;<span style=\"font-style: inherit; font-weight: inherit; letter-spacing: -0.2px;\">keep it shiny and hydrated.<\/span><\/p>\n<p><\/p>\n<p class=\"p1\">3. <b>Storage<\/b><\/p>\n<p class=\"p1\"><span class=\"s1\">&#8211; <\/span>Store coral in a soft case, preferably separate from other jewelry to avoid.&nbsp;<span style=\"font-style: inherit; font-weight: inherit; letter-spacing: -0.2px;\">scratches.<\/span><\/p>\n<p class=\"p1\"><span class=\"s1\">&#8211; <\/span>Keep it away from heat sources and direct sunlight, which can discolor it&nbsp;<span style=\"font-style: inherit; font-weight: inherit; letter-spacing: -0.2px;\">or make it more fragile.<\/span><\/p>\n<p class=\"p1\"><span class=\"s1\">&#8211; <\/span>Avoid very dry environments: being organic, coral can dry out and become&nbsp;<span style=\"font-style: inherit; font-weight: inherit; letter-spacing: -0.2px;\">more porous.<\/span><\/p>\n<p><\/p>\n<p class=\"p1\">4. <b>Conscious Use<\/b><\/p>\n<p class=\"p1\"><span class=\"s1\">&#8211;<\/span>Remove coral jewelry before sleeping, exercising, swimming, or going&nbsp;<span style=\"font-style: inherit; font-weight: inherit; letter-spacing: -0.2px;\">to the beach.<\/span><\/p>\n<p class=\"p1\"><span class=\"s1\">&#8211;<\/span>Be careful with impacts: coral chips easily.<\/p>\t\t\t\t\t\t\t\t<\/div>\n\t\t\t\t<\/div>\n\t\t\t\t\t<\/div>\n\t\t\t\t<\/div>\n\t\t\t\t<\/div>","protected":false},"excerpt":{"rendered":"<p>Precauzioni d&#8217;uso Il corallo \u00e8 una materia naturale e delicata: non \u00e8 una pietra dura, ma uno scheletro calcareo organico, quindi pu\u00f2 graffiarsi, scolorire o addirittura sgretolarsi se trattato male. Per conservarlo al meglio, ecco le precauzioni principali: Protezione da sostanze chimiche &#8211; Pulire solo con un panno morbido e leggermente inumidito con acqua. &#8211; [&hellip;]<\/p>","protected":false},"author":1,"featured_media":0,"parent":0,"menu_order":0,"comment_status":"closed","ping_status":"closed","template":"elementor_header_footer","meta":{"_acf_changed":false,"site-sidebar-layout":"no-sidebar","site-content-layout":"page-builder","ast-site-content-layout":"full-width-container","site-content-style":"default","site-sidebar-style":"default","ast-global-header-display":"","ast-banner-title-visibility":"","ast-main-header-display":"","ast-hfb-above-header-display":"","ast-hfb-below-header-display":"","ast-hfb-mobile-header-display":"","site-post-title":"","ast-breadcrumbs-content":"","ast-featured-img":"disabled","footer-sml-layout":"","ast-disable-related-posts":"","theme-transparent-header-meta":"","adv-header-id-meta":"","stick-header-meta":"","header-above-stick-meta":"","header-main-stick-meta":"","header-below-stick-meta":"","astra-migrate-meta-layouts":"set","ast-page-background-enabled":"default","ast-page-background-meta":{"desktop":{"background-color":"var(--ast-global-color-4)","background-image":"","background-repeat":"repeat","background-position":"center center","background-size":"auto","background-attachment":"scroll","background-type":"","background-media":"","overlay-type":"","overlay-color":"","overlay-opacity":"","overlay-gradient":""},"tablet":{"background-color":"","background-image":"","background-repeat":"repeat","background-position":"center center","background-size":"auto","background-attachment":"scroll","background-type":"","background-media":"","overlay-type":"","overlay-color":"","overlay-opacity":"","overlay-gradient":""},"mobile":{"background-color":"","background-image":"","background-repeat":"repeat","background-position":"center center","background-size":"auto","background-attachment":"scroll","background-type":"","background-media":"","overlay-type":"","overlay-color":"","overlay-opacity":"","overlay-gradient":""}},"ast-content-background-meta":{"desktop":{"background-color":"var(--ast-global-color-5)","background-image":"","background-repeat":"repeat","background-position":"center center","background-size":"auto","background-attachment":"scroll","background-type":"","background-media":"","overlay-type":"","overlay-color":"","overlay-opacity":"","overlay-gradient":""},"tablet":{"background-color":"var(--ast-global-color-5)","background-image":"","background-repeat":"repeat","background-position":"center center","background-size":"auto","background-attachment":"scroll","background-type":"","background-media":"","overlay-type":"","overlay-color":"","overlay-opacity":"","overlay-gradient":""},"mobile":{"background-color":"var(--ast-global-color-5)","background-image":"","background-repeat":"repeat","background-position":"center center","background-size":"auto","background-attachment":"scroll","background-type":"","background-media":"","overlay-type":"","overlay-color":"","overlay-opacity":"","overlay-gradient":""}},"footnotes":""},"class_list":["post-2523","page","type-page","status-publish","hentry"],"acf":[],"_links":{"self":[{"href":"https:\/\/basama.it\/en\/wp-json\/wp\/v2\/pages\/2523","targetHints":{"allow":["GET"]}}],"collection":[{"href":"https:\/\/basama.it\/en\/wp-json\/wp\/v2\/pages"}],"about":[{"href":"https:\/\/basama.it\/en\/wp-json\/wp\/v2\/types\/page"}],"author":[{"embeddable":true,"href":"https:\/\/basama.it\/en\/wp-json\/wp\/v2\/users\/1"}],"replies":[{"embeddable":true,"href":"https:\/\/basama.it\/en\/wp-json\/wp\/v2\/comments?post=2523"}],"version-history":[{"count":25,"href":"https:\/\/basama.it\/en\/wp-json\/wp\/v2\/pages\/2523\/revisions"}],"predecessor-version":[{"id":2900,"href":"https:\/\/basama.it\/en\/wp-json\/wp\/v2\/pages\/2523\/revisions\/2900"}],"wp:attachment":[{"href":"https:\/\/basama.it\/en\/wp-json\/wp\/v2\/media?parent=2523"}],"curies":[{"name":"wp","href":"https:\/\/api.w.org\/{rel}","templated":true}]}}