{"id":2327,"date":"2025-10-07T19:43:42","date_gmt":"2025-10-07T19:43:42","guid":{"rendered":"https:\/\/basama.it\/?page_id=2327"},"modified":"2026-01-13T11:32:09","modified_gmt":"2026-01-13T11:32:09","slug":"il-nostro-brand","status":"publish","type":"page","link":"https:\/\/basama.it\/en\/il-nostro-brand\/","title":{"rendered":"Il nostro Brand"},"content":{"rendered":"<div data-elementor-type=\"wp-page\" data-elementor-id=\"2327\" class=\"elementor elementor-2327\" data-elementor-post-type=\"page\">\n\t\t\t\t<div class=\"elementor-element elementor-element-b01a18b e-flex e-con-boxed e-con e-child\" data-id=\"b01a18b\" data-element_type=\"container\" data-e-type=\"container\" data-settings=\"{&quot;background_slideshow_gallery&quot;:[{&quot;id&quot;:3060,&quot;url&quot;:&quot;https:\\\/\\\/basama.it\\\/wp-content\\\/uploads\\\/2025\\\/10\\\/Alghero-disegno.png&quot;}],&quot;background_background&quot;:&quot;slideshow&quot;,&quot;background_slideshow_slide_duration&quot;:5008,&quot;background_slideshow_ken_burns&quot;:&quot;yes&quot;,&quot;background_slideshow_loop&quot;:&quot;yes&quot;,&quot;background_slideshow_slide_transition&quot;:&quot;fade&quot;,&quot;background_slideshow_transition_duration&quot;:500,&quot;background_slideshow_ken_burns_zoom_direction&quot;:&quot;in&quot;}\">\n\t\t\t\t\t<div class=\"e-con-inner\">\n\t\t\t\t<div class=\"elementor-element elementor-element-5f29302 elementor-widget elementor-widget-heading\" data-id=\"5f29302\" data-element_type=\"widget\" data-e-type=\"widget\" data-widget_type=\"heading.default\">\n\t\t\t\t<div class=\"elementor-widget-container\">\n\t\t\t\t\t<h1 class=\"elementor-heading-title elementor-size-default\">THE BASAM\u00e1 BRAND<\/h1>\t\t\t\t<\/div>\n\t\t\t\t<\/div>\n\t\t\t\t\t<\/div>\n\t\t\t\t<\/div>\n\t\t<div class=\"elementor-element elementor-element-37cbff5 e-flex e-con-boxed e-con e-parent\" data-id=\"37cbff5\" data-element_type=\"container\" data-e-type=\"container\">\n\t\t\t\t\t<div class=\"e-con-inner\">\n\t\t<div class=\"elementor-element elementor-element-060a720 e-grid e-con-full e-con e-child\" data-id=\"060a720\" data-element_type=\"container\" data-e-type=\"container\">\n\t\t\t\t<div class=\"elementor-element elementor-element-8c63aa9 elementor-widget elementor-widget-text-editor\" data-id=\"8c63aa9\" data-element_type=\"widget\" data-e-type=\"widget\" data-widget_type=\"text-editor.default\">\n\t\t\t\t<div class=\"elementor-widget-container\">\n\t\t\t\t\t\t\t\t\t<p>WHERE TRADITION BECOMES ART<\/p>\t\t\t\t\t\t\t\t<\/div>\n\t\t\t\t<\/div>\n\t\t\t\t<\/div>\n\t\t\t\t\t<\/div>\n\t\t\t\t<\/div>\n\t\t<div class=\"elementor-element elementor-element-177a29f e-flex e-con-boxed e-con e-parent\" data-id=\"177a29f\" data-element_type=\"container\" data-e-type=\"container\">\n\t\t\t\t\t<div class=\"e-con-inner\">\n\t\t<div class=\"elementor-element elementor-element-9f7d4e6 e-grid e-con-full e-con e-child\" data-id=\"9f7d4e6\" data-element_type=\"container\" data-e-type=\"container\">\n\t\t\t\t<div class=\"elementor-element elementor-element-7e35dfe elementor-widget elementor-widget-text-editor\" data-id=\"7e35dfe\" data-element_type=\"widget\" data-e-type=\"widget\" data-widget_type=\"text-editor.default\">\n\t\t\t\t<div class=\"elementor-widget-container\">\n\t\t\t\t\t\t\t\t\t<div><div class=\"_Section_6tkjf_1\"><div class=\"_Section-inner_6tkjf_11\"><div class=\"\"><div class=\"undefined _layoutContainer_8wpz5_1\"><div class=\"_Section_6tkjf_1 _flexSectionContainer_xel2c_1\"><div class=\"_Section-inner_6tkjf_11\"><div class=\"_flexItemsContainer_xel2c_15\"><div class=\"undefined _layoutContainer_8wpz5_1\"><div class=\"_Section_6tkjf_1\"><div class=\"_Section-inner_6tkjf_11\"><p class=\"p1\">Basam\u00e1 was born in Alghero, a city suspended between the blue of the sea and the intense red of its coral. The name itself is a tribute to Sardinian roots and the sweetness of the local language, a sound that recalls the warmth of tradition and the strength of nature. Inspiration comes from the waves of the sea, which shape the coastline each day, and from the unique light that filters through the clear waters of the Mediterranean. Every Basam\u00e1 jewel carries a fragment of this energy: soft curves that echo the movement of water, and reflections reminiscent of the sun setting over the sea of Alghero.<\/p><\/div><\/div><\/div><\/div><\/div><\/div><\/div><\/div><\/div><\/div><\/div><div id=\"grid-products\" class=\"sc-aXZVg sc-dk6k7e-7 gJjOUA citcVN\" data-cy=\"grid-products\"><div id=\"grid-product-PCC4012-O7WHR-DB000\" class=\"sc-dZoequ sc-eNSrOW clnDSm elBaGO grid-product\" role=\"group\" aria-label=\"Product Collana con pendente Pomellato Together\" data-cy=\"gp-CategoryList\"><div class=\"sc-hTUWRQ bUmqDQ swiper_59k0t block-skin-slider-product\" role=\"region\" aria-label=\"carousel\">\u00a0<\/div><\/div><\/div>\t\t\t\t\t\t\t\t<\/div>\n\t\t\t\t<\/div>\n\t\t\t\t<\/div>\n\t\t\t\t\t<\/div>\n\t\t\t\t<\/div>\n\t\t<div class=\"elementor-element elementor-element-a4e10d9 elementor-hidden-tablet elementor-hidden-mobile e-flex e-con-boxed e-con e-parent\" data-id=\"a4e10d9\" data-element_type=\"container\" data-e-type=\"container\" data-settings=\"{&quot;background_background&quot;:&quot;classic&quot;}\">\n\t\t\t\t\t<div class=\"e-con-inner\">\n\t\t<div class=\"elementor-element elementor-element-3c1190c e-grid e-con-full e-con e-child\" data-id=\"3c1190c\" data-element_type=\"container\" data-e-type=\"container\">\n\t\t<div class=\"elementor-element elementor-element-1004171 e-con-full e-flex e-con e-child\" data-id=\"1004171\" data-element_type=\"container\" data-e-type=\"container\" data-settings=\"{&quot;background_background&quot;:&quot;classic&quot;}\">\n\t\t\t\t<div class=\"elementor-element elementor-element-ae47050 elementor-widget elementor-widget-heading\" data-id=\"ae47050\" data-element_type=\"widget\" data-e-type=\"widget\" data-widget_type=\"heading.default\">\n\t\t\t\t<div class=\"elementor-widget-container\">\n\t\t\t\t\t<h1 class=\"elementor-heading-title elementor-size-default\">THE BASAM\u00c1 STYLE<\/h1>\t\t\t\t<\/div>\n\t\t\t\t<\/div>\n\t\t\t\t<div class=\"elementor-element elementor-element-fd98f88 elementor-widget elementor-widget-text-editor\" data-id=\"fd98f88\" data-element_type=\"widget\" data-e-type=\"widget\" data-widget_type=\"text-editor.default\">\n\t\t\t\t<div class=\"elementor-widget-container\">\n\t\t\t\t\t\t\t\t\t<div class=\"undefined _layoutContainer_8wpz5_1\"><div class=\"_Section_6tkjf_1\"><div class=\"_Section-inner_6tkjf_11\"><p class=\"p1\">Basam\u00e1 blends elegance and minimalism, reflecting an exclusive, artisanal identity through every unique and refined piece it creates. Inspired by local coral, Sardinian sunlight, and turquoise hues that evoke serenity and freedom, the Maison transforms nature into art, fusing light and matter into essential, harmonious forms. Each jewel holds echoes of the Mediterranean \u2014 the vivid red of coral, the turquoise of the stones, and the golden shimmer of sand \u2014 becoming a symbol of authentic, radiant elegance. Basam\u00e1 is a sensory and identity-driven experience: Sardinia translated into light, form, and soul.<\/p><\/div><\/div><\/div>\t\t\t\t\t\t\t\t<\/div>\n\t\t\t\t<\/div>\n\t\t\t\t<\/div>\n\t\t<div class=\"elementor-element elementor-element-19bfc4b e-con-full e-flex e-con e-child\" data-id=\"19bfc4b\" data-element_type=\"container\" data-e-type=\"container\" data-settings=\"{&quot;background_background&quot;:&quot;classic&quot;}\">\n\t\t\t\t<\/div>\n\t\t\t\t<\/div>\n\t\t\t\t\t<\/div>\n\t\t\t\t<\/div>\n\t\t<div class=\"elementor-element elementor-element-6432a3e elementor-hidden-desktop e-flex e-con-boxed e-con e-parent\" data-id=\"6432a3e\" data-element_type=\"container\" data-e-type=\"container\" data-settings=\"{&quot;background_background&quot;:&quot;classic&quot;}\">\n\t\t\t\t\t<div class=\"e-con-inner\">\n\t\t<div class=\"elementor-element elementor-element-afdb614 e-grid e-con-full e-con e-child\" data-id=\"afdb614\" data-element_type=\"container\" data-e-type=\"container\">\n\t\t<div class=\"elementor-element elementor-element-3cae325 e-con-full e-flex e-con e-child\" data-id=\"3cae325\" data-element_type=\"container\" data-e-type=\"container\" data-settings=\"{&quot;background_background&quot;:&quot;classic&quot;}\">\n\t\t\t\t<\/div>\n\t\t<div class=\"elementor-element elementor-element-be1f14e e-con-full e-flex e-con e-child\" data-id=\"be1f14e\" data-element_type=\"container\" data-e-type=\"container\" data-settings=\"{&quot;background_background&quot;:&quot;classic&quot;}\">\n\t\t\t\t<div class=\"elementor-element elementor-element-85637d2 elementor-widget elementor-widget-heading\" data-id=\"85637d2\" data-element_type=\"widget\" data-e-type=\"widget\" data-widget_type=\"heading.default\">\n\t\t\t\t<div class=\"elementor-widget-container\">\n\t\t\t\t\t<h1 class=\"elementor-heading-title elementor-size-default\">THE BASAM\u00c1 STYLE<\/h1>\t\t\t\t<\/div>\n\t\t\t\t<\/div>\n\t\t\t\t<div class=\"elementor-element elementor-element-93653f5 elementor-widget elementor-widget-text-editor\" data-id=\"93653f5\" data-element_type=\"widget\" data-e-type=\"widget\" data-widget_type=\"text-editor.default\">\n\t\t\t\t<div class=\"elementor-widget-container\">\n\t\t\t\t\t\t\t\t\t<div class=\"undefined _layoutContainer_8wpz5_1\"><div class=\"_Section_6tkjf_1\"><div class=\"_Section-inner_6tkjf_11\"><p class=\"p1\">Basam\u00e1 blends elegance and minimalism, reflecting an exclusive, artisanal identity through every unique and refined piece it creates. Inspired by local coral, Sardinian sunlight, and turquoise hues that evoke serenity and freedom, the Maison transforms nature into art, fusing light and matter into essential, harmonious forms. Each jewel holds echoes of the Mediterranean \u2014 the vivid red of coral, the turquoise of the stones, and the golden shimmer of sand \u2014 becoming a symbol of authentic, radiant elegance. Basam\u00e1 is a sensory and identity-driven experience: Sardinia translated into light, form, and soul.<\/p><\/div><\/div><\/div>\t\t\t\t\t\t\t\t<\/div>\n\t\t\t\t<\/div>\n\t\t\t\t<\/div>\n\t\t\t\t<\/div>\n\t\t\t\t\t<\/div>\n\t\t\t\t<\/div>\n\t\t<div class=\"elementor-element elementor-element-8c2d03f elementor-hidden-tablet elementor-hidden-mobile e-flex e-con-boxed e-con e-parent\" data-id=\"8c2d03f\" data-element_type=\"container\" data-e-type=\"container\" data-settings=\"{&quot;background_background&quot;:&quot;classic&quot;}\">\n\t\t\t\t\t<div class=\"e-con-inner\">\n\t\t<div class=\"elementor-element elementor-element-3701510 e-grid e-con-full e-con e-child\" data-id=\"3701510\" data-element_type=\"container\" data-e-type=\"container\">\n\t\t<div class=\"elementor-element elementor-element-86bcf79 e-con-full e-flex e-con e-child\" data-id=\"86bcf79\" data-element_type=\"container\" data-e-type=\"container\" data-settings=\"{&quot;background_background&quot;:&quot;classic&quot;}\">\n\t\t\t\t<\/div>\n\t\t<div class=\"elementor-element elementor-element-95b2125 e-con-full e-flex e-con e-child\" data-id=\"95b2125\" data-element_type=\"container\" data-e-type=\"container\" data-settings=\"{&quot;background_background&quot;:&quot;classic&quot;}\">\n\t\t\t\t<div class=\"elementor-element elementor-element-79945db elementor-widget elementor-widget-heading\" data-id=\"79945db\" data-element_type=\"widget\" data-e-type=\"widget\" data-widget_type=\"heading.default\">\n\t\t\t\t<div class=\"elementor-widget-container\">\n\t\t\t\t\t<h1 class=\"elementor-heading-title elementor-size-default\">ARTISAN QUALITY<\/h1>\t\t\t\t<\/div>\n\t\t\t\t<\/div>\n\t\t\t\t<div class=\"elementor-element elementor-element-5511997 elementor-widget elementor-widget-text-editor\" data-id=\"5511997\" data-element_type=\"widget\" data-e-type=\"widget\" data-widget_type=\"text-editor.default\">\n\t\t\t\t<div class=\"elementor-widget-container\">\n\t\t\t\t\t\t\t\t\t<div class=\"undefined _layoutContainer_8wpz5_1\"><div class=\"_Section_6tkjf_1\"><div class=\"_Section-inner_6tkjf_11\"><p class=\"p1\">Each piece is handmade by local artisans, who combine ancient techniques with contemporary designs. The result is a jewel that is not just an accessory, but a story to wear: an authentic connection to Alghero, to Sardinia, and to the nature that surrounds it.<\/p><p class=\"p1\">Basam\u00e1 non crea semplici gioielli: crea ricordi di mare, da portare con s\u00e9 ovunque.<\/p><\/div><\/div><\/div>\t\t\t\t\t\t\t\t<\/div>\n\t\t\t\t<\/div>\n\t\t\t\t<\/div>\n\t\t\t\t<\/div>\n\t\t\t\t\t<\/div>\n\t\t\t\t<\/div>\n\t\t<div class=\"elementor-element elementor-element-f49ac59 elementor-hidden-desktop e-flex e-con-boxed e-con e-parent\" data-id=\"f49ac59\" data-element_type=\"container\" data-e-type=\"container\" data-settings=\"{&quot;background_background&quot;:&quot;classic&quot;}\">\n\t\t\t\t\t<div class=\"e-con-inner\">\n\t\t<div class=\"elementor-element elementor-element-5d1cf15 e-grid e-con-full e-con e-child\" data-id=\"5d1cf15\" data-element_type=\"container\" data-e-type=\"container\">\n\t\t<div class=\"elementor-element elementor-element-c7071cd e-con-full e-flex e-con e-child\" data-id=\"c7071cd\" data-element_type=\"container\" data-e-type=\"container\" data-settings=\"{&quot;background_background&quot;:&quot;classic&quot;}\">\n\t\t\t\t<\/div>\n\t\t<div class=\"elementor-element elementor-element-de764a8 e-con-full e-flex e-con e-child\" data-id=\"de764a8\" data-element_type=\"container\" data-e-type=\"container\" data-settings=\"{&quot;background_background&quot;:&quot;classic&quot;}\">\n\t\t\t\t<div class=\"elementor-element elementor-element-fb3633c elementor-widget elementor-widget-heading\" data-id=\"fb3633c\" data-element_type=\"widget\" data-e-type=\"widget\" data-widget_type=\"heading.default\">\n\t\t\t\t<div class=\"elementor-widget-container\">\n\t\t\t\t\t<h1 class=\"elementor-heading-title elementor-size-default\">ARTISAN QUALITY<\/h1>\t\t\t\t<\/div>\n\t\t\t\t<\/div>\n\t\t\t\t<div class=\"elementor-element elementor-element-354dda2 elementor-widget elementor-widget-text-editor\" data-id=\"354dda2\" data-element_type=\"widget\" data-e-type=\"widget\" data-widget_type=\"text-editor.default\">\n\t\t\t\t<div class=\"elementor-widget-container\">\n\t\t\t\t\t\t\t\t\t<div class=\"undefined _layoutContainer_8wpz5_1\"><div class=\"_Section_6tkjf_1\"><div class=\"_Section-inner_6tkjf_11\"><p class=\"p1\">Each piece is handmade by local artisans, who combine ancient techniques with contemporary designs. The result is a jewel that is not just an accessory, but a story to wear: an authentic connection to Alghero, to Sardinia, and to the nature that surrounds it.<\/p><p class=\"p1\">Basam\u00e1 non crea semplici gioielli: crea ricordi di mare, da portare con s\u00e9 ovunque.<\/p><\/div><\/div><\/div>\t\t\t\t\t\t\t\t<\/div>\n\t\t\t\t<\/div>\n\t\t\t\t<\/div>\n\t\t\t\t<\/div>\n\t\t\t\t\t<\/div>\n\t\t\t\t<\/div>\n\t\t<div class=\"elementor-element elementor-element-942a960 elementor-hidden-mobile e-flex e-con-boxed e-con e-parent\" data-id=\"942a960\" data-element_type=\"container\" data-e-type=\"container\" data-settings=\"{&quot;background_background&quot;:&quot;classic&quot;}\">\n\t\t\t\t\t<div class=\"e-con-inner\">\n\t\t<div class=\"elementor-element elementor-element-feb856b e-grid e-con-full elementor-hidden-mobile e-con e-child\" data-id=\"feb856b\" data-element_type=\"container\" data-e-type=\"container\">\n\t\t<div class=\"elementor-element elementor-element-d49ad97 e-con-full e-flex e-con e-child\" data-id=\"d49ad97\" data-element_type=\"container\" data-e-type=\"container\" data-settings=\"{&quot;background_background&quot;:&quot;classic&quot;}\">\n\t\t\t\t<div class=\"elementor-element elementor-element-3a3c2fb elementor-widget elementor-widget-heading\" data-id=\"3a3c2fb\" data-element_type=\"widget\" data-e-type=\"widget\" data-widget_type=\"heading.default\">\n\t\t\t\t<div class=\"elementor-widget-container\">\n\t\t\t\t\t<h1 class=\"elementor-heading-title elementor-size-default\">INSPIRED BY THE WAVES<\/h1>\t\t\t\t<\/div>\n\t\t\t\t<\/div>\n\t\t\t\t<div class=\"elementor-element elementor-element-7d39a4a elementor-widget-tablet__width-initial elementor-widget elementor-widget-heading\" data-id=\"7d39a4a\" data-element_type=\"widget\" data-e-type=\"widget\" data-widget_type=\"heading.default\">\n\t\t\t\t<div class=\"elementor-widget-container\">\n\t\t\t\t\t<h6 class=\"elementor-heading-title elementor-size-default\">Local coral takes center stage, crafted with full respect for the marine environment. Basam\u00e1 uses only coral from certified sources, harvested according to sustainability criteria: this means protecting ecosystems, preserving coral colonies, and keeping a centuries-old artisanal tradition alive without harming the sea.<\/h6>\t\t\t\t<\/div>\n\t\t\t\t<\/div>\n\t\t\t\t<\/div>\n\t\t\t\t<\/div>\n\t\t\t\t\t<\/div>\n\t\t\t\t<\/div>\n\t\t<div class=\"elementor-element elementor-element-7a31a20 elementor-hidden-desktop elementor-hidden-tablet e-flex e-con-boxed e-con e-parent\" data-id=\"7a31a20\" data-element_type=\"container\" data-e-type=\"container\" data-settings=\"{&quot;background_background&quot;:&quot;classic&quot;}\">\n\t\t\t\t\t<div class=\"e-con-inner\">\n\t\t<div class=\"elementor-element elementor-element-bbd9734 e-con-full e-flex e-con e-child\" data-id=\"bbd9734\" data-element_type=\"container\" data-e-type=\"container\">\n\t\t\t\t<div class=\"elementor-element elementor-element-7b66097 elementor-widget elementor-widget-heading\" data-id=\"7b66097\" data-element_type=\"widget\" data-e-type=\"widget\" data-widget_type=\"heading.default\">\n\t\t\t\t<div class=\"elementor-widget-container\">\n\t\t\t\t\t<h2 class=\"elementor-heading-title elementor-size-default\">INSPIRED BY THE WAVES<\/h2>\t\t\t\t<\/div>\n\t\t\t\t<\/div>\n\t\t\t\t<div class=\"elementor-element elementor-element-12a1c29 elementor-widget elementor-widget-heading\" data-id=\"12a1c29\" data-element_type=\"widget\" data-e-type=\"widget\" data-widget_type=\"heading.default\">\n\t\t\t\t<div class=\"elementor-widget-container\">\n\t\t\t\t\t<h6 class=\"elementor-heading-title elementor-size-default\">Local coral takes center stage, crafted with full respect for the marine environment. Basam\u00e1 uses only coral from certified sources, harvested according to sustainability criteria: this means protecting ecosystems, preserving coral colonies, and keeping a centuries-old artisanal tradition alive without harming the sea.<\/h6>\t\t\t\t<\/div>\n\t\t\t\t<\/div>\n\t\t\t\t<\/div>\n\t\t\t\t\t<\/div>\n\t\t\t\t<\/div>\n\t\t\t\t<\/div>","protected":false},"excerpt":{"rendered":"<p>IL BRAND BASAM\u00e1 DOVE LA TRADIZIONE DIVENTA ARTE Basam\u00e1 nasce ad Alghero, citt\u00e0 sospesa tra il blu del mare e il rosso intenso del suo corallo. Il nome stesso \u00e8 un omaggio alle radici sarde e alla dolcezza della lingua locale, un suono che ricorda il calore delle tradizioni e la forza della natura. L\u2019ispirazione [&hellip;]<\/p>","protected":false},"author":1,"featured_media":0,"parent":0,"menu_order":0,"comment_status":"closed","ping_status":"closed","template":"elementor_header_footer","meta":{"_acf_changed":false,"site-sidebar-layout":"no-sidebar","site-content-layout":"page-builder","ast-site-content-layout":"full-width-container","site-content-style":"default","site-sidebar-style":"default","ast-global-header-display":"","ast-banner-title-visibility":"","ast-main-header-display":"","ast-hfb-above-header-display":"","ast-hfb-below-header-display":"","ast-hfb-mobile-header-display":"","site-post-title":"","ast-breadcrumbs-content":"","ast-featured-img":"disabled","footer-sml-layout":"","ast-disable-related-posts":"","theme-transparent-header-meta":"","adv-header-id-meta":"","stick-header-meta":"","header-above-stick-meta":"","header-main-stick-meta":"","header-below-stick-meta":"","astra-migrate-meta-layouts":"set","ast-page-background-enabled":"default","ast-page-background-meta":{"desktop":{"background-color":"var(--ast-global-color-4)","background-image":"","background-repeat":"repeat","background-position":"center center","background-size":"auto","background-attachment":"scroll","background-type":"","background-media":"","overlay-type":"","overlay-color":"","overlay-opacity":"","overlay-gradient":""},"tablet":{"background-color":"","background-image":"","background-repeat":"repeat","background-position":"center center","background-size":"auto","background-attachment":"scroll","background-type":"","background-media":"","overlay-type":"","overlay-color":"","overlay-opacity":"","overlay-gradient":""},"mobile":{"background-color":"","background-image":"","background-repeat":"repeat","background-position":"center center","background-size":"auto","background-attachment":"scroll","background-type":"","background-media":"","overlay-type":"","overlay-color":"","overlay-opacity":"","overlay-gradient":""}},"ast-content-background-meta":{"desktop":{"background-color":"var(--ast-global-color-5)","background-image":"","background-repeat":"repeat","background-position":"center center","background-size":"auto","background-attachment":"scroll","background-type":"","background-media":"","overlay-type":"","overlay-color":"","overlay-opacity":"","overlay-gradient":""},"tablet":{"background-color":"var(--ast-global-color-5)","background-image":"","background-repeat":"repeat","background-position":"center center","background-size":"auto","background-attachment":"scroll","background-type":"","background-media":"","overlay-type":"","overlay-color":"","overlay-opacity":"","overlay-gradient":""},"mobile":{"background-color":"var(--ast-global-color-5)","background-image":"","background-repeat":"repeat","background-position":"center center","background-size":"auto","background-attachment":"scroll","background-type":"","background-media":"","overlay-type":"","overlay-color":"","overlay-opacity":"","overlay-gradient":""}},"footnotes":""},"class_list":["post-2327","page","type-page","status-publish","hentry"],"acf":[],"_links":{"self":[{"href":"https:\/\/basama.it\/en\/wp-json\/wp\/v2\/pages\/2327","targetHints":{"allow":["GET"]}}],"collection":[{"href":"https:\/\/basama.it\/en\/wp-json\/wp\/v2\/pages"}],"about":[{"href":"https:\/\/basama.it\/en\/wp-json\/wp\/v2\/types\/page"}],"author":[{"embeddable":true,"href":"https:\/\/basama.it\/en\/wp-json\/wp\/v2\/users\/1"}],"replies":[{"embeddable":true,"href":"https:\/\/basama.it\/en\/wp-json\/wp\/v2\/comments?post=2327"}],"version-history":[{"count":124,"href":"https:\/\/basama.it\/en\/wp-json\/wp\/v2\/pages\/2327\/revisions"}],"predecessor-version":[{"id":3462,"href":"https:\/\/basama.it\/en\/wp-json\/wp\/v2\/pages\/2327\/revisions\/3462"}],"wp:attachment":[{"href":"https:\/\/basama.it\/en\/wp-json\/wp\/v2\/media?parent=2327"}],"curies":[{"name":"wp","href":"https:\/\/api.w.org\/{rel}","templated":true}]}}